{"id":286,"date":"2016-10-31T13:17:59","date_gmt":"2016-10-31T16:17:59","guid":{"rendered":"https:\/\/iseef-ers.infd.edu.ar\/sitio\/?page_id=286"},"modified":"2026-01-25T15:34:29","modified_gmt":"2026-01-25T18:34:29","slug":"inicio","status":"publish","type":"page","link":"https:\/\/iseef-ers.infd.edu.ar\/sitio\/","title":{"rendered":"Inicio"},"content":{"rendered":"<p>Para ver las mesas de ex\u00e1menes ordinarias correspondientes al mes de Febrero-Marzo 2026 hacer click aqu\u00ed:<\/p>\n<p>&nbsp;<\/p>\n<p><a href=\"https:\/\/docs.google.com\/document\/d\/1iag1HdKrXh4qV-156Lys3CJPtWu8Bjl8\/edit?usp=sharing&amp;ouid=114854704886014079294&amp;rtpof=true&amp;sd=true\">Ver mesas<\/a><\/p>\n<p><img decoding=\"async\" loading=\"lazy\" class=\"alignnone size-full wp-image-983\" src=\"https:\/\/iseef-ers.infd.edu.ar\/sitio\/wp-content\/uploads\/2025\/10\/Flyers-Juntos.png\" alt=\"\" width=\"923\" height=\"583\" srcset=\"https:\/\/iseef-ers.infd.edu.ar\/sitio\/wp-content\/uploads\/2025\/10\/Flyers-Juntos.png 923w, https:\/\/iseef-ers.infd.edu.ar\/sitio\/wp-content\/uploads\/2025\/10\/Flyers-Juntos-768x485.png 768w\" sizes=\"(max-width: 923px) 100vw, 923px\" \/><\/p>\n<p>Ubicaci\u00f3n:<\/p>\n<p><iframe loading=\"lazy\" src=\"https:\/\/www.google.com\/maps\/d\/embed?mid=zLTJEAi5BuPs.k0SWlWszTXSI&amp;wmode=transparent\" width=\"640\" height=\"480\"><\/iframe><\/p>\n<p><img decoding=\"async\" loading=\"lazy\" class=\"alignnone size-medium wp-image-935\" src=\"https:\/\/iseef-ers.infd.edu.ar\/sitio\/wp-content\/uploads\/2025\/03\/WhatsApp-Image-2025-03-12-at-4.30.03-PM-706x1000.jpeg\" alt=\"\" width=\"706\" height=\"1000\" srcset=\"https:\/\/iseef-ers.infd.edu.ar\/sitio\/wp-content\/uploads\/2025\/03\/WhatsApp-Image-2025-03-12-at-4.30.03-PM-706x1000.jpeg 706w, https:\/\/iseef-ers.infd.edu.ar\/sitio\/wp-content\/uploads\/2025\/03\/WhatsApp-Image-2025-03-12-at-4.30.03-PM-768x1087.jpeg 768w, https:\/\/iseef-ers.infd.edu.ar\/sitio\/wp-content\/uploads\/2025\/03\/WhatsApp-Image-2025-03-12-at-4.30.03-PM.jpeg 904w\" sizes=\"(max-width: 706px) 100vw, 706px\" \/><\/p>\n<div id=\"metaslider-id-403\" style=\"width: 100%;\" class=\"ml-slider-3-33-0 metaslider metaslider-flex metaslider-403 ml-slider ms-theme-default\" role=\"region\" aria-roledescription=\"Slideshow\" aria-label=\"Slideshow\">\n    <div id=\"metaslider_container_403\">\n        <div id=\"metaslider_403\" class=\"flexslider\">\n            <ul aria-live=\"polite\" class=\"slides\">\n                <li style=\"display: block; width: 100%;\" class=\"slide-609 ms-image\" aria-roledescription=\"slide\" aria-label=\"slide-609\"><a href=\"https:\/\/www.facebook.com\/iseefconcordia\" target=\"_blank\"><img src=\"https:\/\/iseef-ers.infd.edu.ar\/sitio\/wp-content\/uploads\/2018\/11\/FACEBOOK-1029x374.jpg\" height=\"400\" width=\"1100\" alt=\"\" class=\"slider-403 slide-609\" title=\"FACEBOOK\" \/><\/a><div class=\"caption-wrap\"><div class=\"caption\">Nuestro Facebook.<\/div><\/div><\/li>\n                <li style=\"display: none; width: 100%;\" class=\"slide-635 ms-image\" aria-roledescription=\"slide\" aria-label=\"slide-635\"><a href=\"https:\/\/www.argentina.gob.ar\/tema\/estudiar\/formacion-docencia\" target=\"_blank\"><img src=\"https:\/\/iseef-ers.infd.edu.ar\/sitio\/wp-content\/uploads\/2018\/06\/convocatorias_slide6-1-550x200.png\" height=\"400\" width=\"1100\" alt=\"\" class=\"slider-403 slide-635\" title=\"convocatorias_slide6-1\" \/><\/a><\/li>\n            <\/ul>\n        <\/div>\n        \n    <\/div>\n<\/div>\n<p><span style=\"font-size: 18pt; font-family: 'arial black', sans-serif;\">Instituto Superior de las Especialidades de la Educaci\u00f3n F\u00edsica &#8211; ISEEF Concordia<\/span><\/p>\n<p><img decoding=\"async\" loading=\"lazy\" style=\"border: 1px solid black; margin: 1px;\" src=\"https:\/\/iseef-ers.infd.edu.ar\/sitio\/wp-content\/uploads\/2018\/08\/la_foto.jpg\" alt=\"Instituto\" width=\"500\" height=\"500\" border=\"0\" \/><\/p>\n<p style=\"text-align: justify;\">\u00a0Pista de Atletismo<\/p>\n<p style=\"text-align: justify;\"><img decoding=\"async\" loading=\"lazy\" style=\"border: 1px solid black; margin: 1px;\" src=\"https:\/\/iseef-ers.infd.edu.ar\/sitio\/wp-content\/uploads\/2018\/08\/pista_de_atl._inauguracion.jpg\" alt=\"Pista de Atletismo\" width=\"960\" height=\"567\" border=\"0\" \/><\/p>\n<p>Cancha de Hockey Sint\u00e9tico<\/p>\n<p><img decoding=\"async\" loading=\"lazy\" style=\"border: 1px solid black; margin: 1px;\" src=\"https:\/\/iseef-ers.infd.edu.ar\/sitio\/wp-content\/uploads\/2018\/08\/polideportivo_con_tribunas.jpg\" alt=\"Cancha de Hockey\" width=\"960\" height=\"540\" border=\"0\" \/><\/p>\n<p>Gimnasio:<\/p>\n<p><img decoding=\"async\" loading=\"lazy\" class=\"alignnone size-full wp-image-886\" src=\"https:\/\/iseef-ers.infd.edu.ar\/sitio\/wp-content\/uploads\/2024\/03\/Gimnasio.jpg\" alt=\"\" width=\"720\" height=\"889\" \/><\/p>\n<p>.<\/p>\n<div id='gallery-1' class='gallery galleryid-286 gallery-columns-3 gallery-size-thumbnail'><figure class='gallery-item'>\n\t\t\t<div class='gallery-icon landscape'>\n\t\t\t\t<a href='https:\/\/iseef-ers.infd.edu.ar\/sitio\/escudo-iseef_2012_cmyk-2\/'><img width=\"500\" height=\"500\" src=\"https:\/\/iseef-ers.infd.edu.ar\/sitio\/wp-content\/uploads\/2018\/11\/Escudo-ISEEF_2012_cmyk-500x500.jpg\" class=\"attachment-thumbnail size-thumbnail\" alt=\"\" decoding=\"async\" loading=\"lazy\" \/><\/a>\n\t\t\t<\/div><\/figure><figure class='gallery-item'>\n\t\t\t<div class='gallery-icon landscape'>\n\t\t\t\t<a href='https:\/\/iseef-ers.infd.edu.ar\/sitio\/pista_de_atl-_inauguracion\/'><img width=\"500\" height=\"500\" src=\"https:\/\/iseef-ers.infd.edu.ar\/sitio\/wp-content\/uploads\/2018\/08\/pista_de_atl._inauguracion-500x500.jpg\" class=\"attachment-thumbnail size-thumbnail\" alt=\"\" decoding=\"async\" loading=\"lazy\" \/><\/a>\n\t\t\t<\/div><\/figure><figure class='gallery-item'>\n\t\t\t<div class='gallery-icon portrait'>\n\t\t\t\t<a href='https:\/\/iseef-ers.infd.edu.ar\/sitio\/yf837eo2erwdimagen_incrustada1\/'><img width=\"500\" height=\"500\" src=\"https:\/\/iseef-ers.infd.edu.ar\/sitio\/wp-content\/uploads\/2018\/08\/yf837eo2ErWDimagen_incrustada1-500x500.png\" class=\"attachment-thumbnail size-thumbnail\" alt=\"\" decoding=\"async\" loading=\"lazy\" \/><\/a>\n\t\t\t<\/div><\/figure>\n\t\t<\/div>\n\n","protected":false},"excerpt":{"rendered":"<p>Para ver las mesas de ex\u00e1menes ordinarias correspondientes al mes de Febrero-Marzo 2026 hacer click aqu\u00ed: &nbsp; Ver mesas Ubicaci\u00f3n: Instituto Superior de las Especialidades de la Educaci\u00f3n F\u00edsica &#8211; ISEEF Concordia \u00a0Pista de Atletismo Cancha de Hockey Sint\u00e9tico Gimnasio: .<\/p>\n","protected":false},"author":1,"featured_media":0,"parent":0,"menu_order":0,"comment_status":"closed","ping_status":"closed","template":"","meta":[],"acf":[],"_links":{"self":[{"href":"https:\/\/iseef-ers.infd.edu.ar\/sitio\/wp-json\/wp\/v2\/pages\/286"}],"collection":[{"href":"https:\/\/iseef-ers.infd.edu.ar\/sitio\/wp-json\/wp\/v2\/pages"}],"about":[{"href":"https:\/\/iseef-ers.infd.edu.ar\/sitio\/wp-json\/wp\/v2\/types\/page"}],"author":[{"embeddable":true,"href":"https:\/\/iseef-ers.infd.edu.ar\/sitio\/wp-json\/wp\/v2\/users\/1"}],"replies":[{"embeddable":true,"href":"https:\/\/iseef-ers.infd.edu.ar\/sitio\/wp-json\/wp\/v2\/comments?post=286"}],"version-history":[{"count":124,"href":"https:\/\/iseef-ers.infd.edu.ar\/sitio\/wp-json\/wp\/v2\/pages\/286\/revisions"}],"predecessor-version":[{"id":1021,"href":"https:\/\/iseef-ers.infd.edu.ar\/sitio\/wp-json\/wp\/v2\/pages\/286\/revisions\/1021"}],"wp:attachment":[{"href":"https:\/\/iseef-ers.infd.edu.ar\/sitio\/wp-json\/wp\/v2\/media?parent=286"}],"curies":[{"name":"wp","href":"https:\/\/api.w.org\/{rel}","templated":true}]}}